{"id":5101,"date":"2021-04-12T20:32:46","date_gmt":"2021-04-12T17:32:46","guid":{"rendered":"https:\/\/www.casper.com.tr\/excaliburclan\/?page_id=5101"},"modified":"2024-08-13T16:09:46","modified_gmt":"2024-08-13T13:09:46","slug":"pubg-arena","status":"publish","type":"page","link":"https:\/\/www.casper.com.tr\/excaliburclan\/pubg-arena\/","title":{"rendered":"Pubg Arena"},"content":{"rendered":"\t\t<div data-elementor-type=\"wp-page\" data-elementor-id=\"5101\" class=\"elementor elementor-5101\" data-elementor-post-type=\"page\">\n\t\t\t\t<div class=\"elementor-element elementor-element-34103021 e-flex e-con-boxed e-con e-parent\" data-id=\"34103021\" data-element_type=\"container\">\n\t\t\t\t\t<div class=\"e-con-inner\">\n\t\t\t\t<div class=\"elementor-element elementor-element-23afd40e elementor-widget elementor-widget-text-editor\" data-id=\"23afd40e\" data-element_type=\"widget\" data-widget_type=\"text-editor.default\">\n\t\t\t\t<div class=\"elementor-widget-container\">\n\t\t\t\t\t\t\t\t\t<p>\u00a0<\/p><p style=\"text-align: center;\"><span style=\"color: #999999;\"><strong>Casper sponsorlu\u011funda d\u00fczenlenen EXCALIBUR PUBG ARENA (Steam Squad) Turnuvas\u0131\u2019nda<\/strong><\/span><br \/><span style=\"color: #999999;\"><strong> T\u00fcrkiye\u2019nin d\u00f6rt bir yan\u0131ndan kat\u0131lan oyuncularla<\/strong><\/span><br \/><span style=\"color: #999999;\"><strong> m\u00fccadele etmeye haz\u0131r m\u0131s\u0131n\u0131z?\u00a0<\/strong><\/span><\/p><p style=\"text-align: center;\"><span style=\"color: #999999;\"><strong>A\u00e7\u0131k elemelerden B\u00fcy\u00fck Finale \u00e7\u0131kmaya hak kazanan tak\u0131mlar T\u00fcrkiye\u2019nin en iyileriyle <span style=\"font-size: 17px; font-weight: 900;\">20.000TL<\/span> \u00f6d\u00fcl havuzlu turnuvaya kat\u0131lma biletine sahip olacakt\u0131r. <\/strong><\/span><\/p><p>\u00a0<\/p><p style=\"text-align: center; line-height: 38px;\"><span style=\"color: #999999;\"><strong><span style=\"font-size: 36px;\">Zafere giden ilk yol<br \/><\/span><\/strong><strong><span style=\"font-size: 36px;\">24 Nisan Cumartesi g\u00fcn\u00fcnden ge\u00e7iyor.<br \/>G\u00fcc\u00fcn\u00fc herkese g\u00f6stermek i\u00e7in<br \/>sak\u0131n ge\u00e7 kalma!<\/span><\/strong><\/span><\/p><p>\u00a0<\/p><p style=\"text-align: center; line-height: 38px;\"><span style=\"color: #999999;\"><strong><span style=\"font-size: 36px;\">Son Ba\u015fvuru Tarihi<br \/>22 Nisan 2021 Saat: 23:59<\/span><\/strong><\/span><\/p><p style=\"text-align: center; line-height: 38px;\"><span style=\"color: #999999;\"><strong><span style=\"font-size: 36px;\">B\u00fcy\u00fck Final<br \/>9 May\u0131s 2021 Saat: 13:00<\/span><\/strong><\/span><\/p><h1 style=\"text-align: center; line-height: 38px;\"><span style=\"color: #999999;\"><strong><span style=\"font-size: 36px;\">\u00d6d\u00fcl Havuzu<\/span><\/strong><\/span><\/h1><h1 style=\"text-align: center; line-height: 38px;\"><span style=\"color: #999999;\"><strong><span style=\"font-size: 36px;\"><span style=\"font-size: 60px;\">20.000\u20ba<\/span><\/span><\/strong><\/span><\/h1><p>\u00a0<\/p><p style=\"text-align: center; line-height: 38px;\"><span style=\"color: #999999;\"><strong><span style=\"font-size: 36px;\">10000Days ve Vicrains&#8217;in sunumu ile yap\u0131lacak b\u00fcy\u00fck finalde kat\u0131l\u0131mc\u0131lar\u0131 ve izleyicileri bir \u00e7ok s\u00fcrpriz bekliyor.<br \/><\/span><\/strong><\/span><\/p>\t\t\t\t\t\t\t\t<\/div>\n\t\t\t\t<\/div>\n\t\t\t\t\t<\/div>\n\t\t\t\t<\/div>\n\t\t\t\t<\/div>\n\t\t","protected":false},"excerpt":{"rendered":"<p>\u00a0 Casper sponsorlu\u011funda d\u00fczenlenen EXCALIBUR PUBG ARENA (Steam Squad) Turnuvas\u0131\u2019nda T\u00fcrkiye\u2019nin d\u00f6rt bir yan\u0131ndan kat\u0131lan oyuncularla m\u00fccadele etmeye haz\u0131r m\u0131s\u0131n\u0131z?\u00a0 A\u00e7\u0131k elemelerden B\u00fcy\u00fck Finale \u00e7\u0131kmaya hak kazanan tak\u0131mlar T\u00fcrkiye\u2019nin en iyileriyle 20.000TL \u00f6d\u00fcl havuzlu turnuvaya kat\u0131lma biletine sahip olacakt\u0131r. \u00a0 Zafere giden ilk yol24 Nisan Cumartesi g\u00fcn\u00fcnden ge\u00e7iyor.G\u00fcc\u00fcn\u00fc herkese g\u00f6stermek i\u00e7insak\u0131n ge\u00e7 kalma! \u00a0 Son [&hellip;]<\/p>\n","protected":false},"author":1,"featured_media":0,"parent":0,"menu_order":0,"comment_status":"closed","ping_status":"closed","template":"","meta":{"footnotes":""},"class_list":["post-5101","page","type-page","status-publish","hentry"],"yoast_head":"<!-- This site is optimized with the Yoast SEO plugin v24.1 - https:\/\/yoast.com\/wordpress\/plugins\/seo\/ -->\n<title>Pubg Arena - Casper Excaliburclan<\/title>\n<meta name=\"description\" content=\"Casper Excaliburclan - \u201cCasper sponsorlu\u011funda d\u00fczenlenen Excalibur Pubg Arena (Steam Squad) Turnuvas\u0131na haz\u0131r m\u0131s\u0131n\u0131z?\u201d\" \/>\n<meta name=\"robots\" content=\"index, follow, max-snippet:-1, max-image-preview:large, max-video-preview:-1\" \/>\n<link rel=\"canonical\" href=\"https:\/\/www.casper.com.tr\/excaliburclan\/pubg-arena\/\" \/>\n<meta property=\"og:locale\" content=\"tr_TR\" \/>\n<meta property=\"og:type\" content=\"article\" \/>\n<meta property=\"og:title\" content=\"Pubg Arena - Casper Excaliburclan\" \/>\n<meta property=\"og:description\" content=\"Casper Excaliburclan - \u201cCasper sponsorlu\u011funda d\u00fczenlenen Excalibur Pubg Arena (Steam Squad) Turnuvas\u0131na haz\u0131r m\u0131s\u0131n\u0131z?\u201d\" \/>\n<meta property=\"og:url\" content=\"https:\/\/www.casper.com.tr\/excaliburclan\/pubg-arena\/\" \/>\n<meta property=\"og:site_name\" content=\"Casper Excaliburclan\" \/>\n<meta property=\"article:publisher\" content=\"https:\/\/www.facebook.com\/ExcaliburCasper\" \/>\n<meta property=\"article:modified_time\" content=\"2024-08-13T13:09:46+00:00\" \/>\n<meta name=\"twitter:card\" content=\"summary_large_image\" \/>\n<meta name=\"twitter:site\" content=\"@excaliburclann\" \/>\n<meta name=\"twitter:label1\" content=\"Tahmini okuma s\u00fcresi\" \/>\n\t<meta name=\"twitter:data1\" content=\"1 dakika\" \/>\n<script type=\"application\/ld+json\" class=\"yoast-schema-graph\">{\"@context\":\"https:\/\/schema.org\",\"@graph\":[{\"@type\":\"WebPage\",\"@id\":\"https:\/\/www.casper.com.tr\/excaliburclan\/pubg-arena\/\",\"url\":\"https:\/\/www.casper.com.tr\/excaliburclan\/pubg-arena\/\",\"name\":\"Pubg Arena - Casper Excaliburclan\",\"isPartOf\":{\"@id\":\"https:\/\/www.casper.com.tr\/excaliburclan\/#website\"},\"datePublished\":\"2021-04-12T17:32:46+00:00\",\"dateModified\":\"2024-08-13T13:09:46+00:00\",\"description\":\"Casper Excaliburclan - \u201cCasper sponsorlu\u011funda d\u00fczenlenen Excalibur Pubg Arena (Steam Squad) Turnuvas\u0131na haz\u0131r m\u0131s\u0131n\u0131z?\u201d\",\"breadcrumb\":{\"@id\":\"https:\/\/www.casper.com.tr\/excaliburclan\/pubg-arena\/#breadcrumb\"},\"inLanguage\":\"tr\",\"potentialAction\":[{\"@type\":\"ReadAction\",\"target\":[\"https:\/\/www.casper.com.tr\/excaliburclan\/pubg-arena\/\"]}]},{\"@type\":\"BreadcrumbList\",\"@id\":\"https:\/\/www.casper.com.tr\/excaliburclan\/pubg-arena\/#breadcrumb\",\"itemListElement\":[{\"@type\":\"ListItem\",\"position\":1,\"name\":\"Anasayfa\",\"item\":\"https:\/\/www.casper.com.tr\/excaliburclan\/\"},{\"@type\":\"ListItem\",\"position\":2,\"name\":\"Pubg Arena\"}]},{\"@type\":\"WebSite\",\"@id\":\"https:\/\/www.casper.com.tr\/excaliburclan\/#website\",\"url\":\"https:\/\/www.casper.com.tr\/excaliburclan\/\",\"name\":\"Casper Excaliburclan\",\"description\":\"Casper\",\"publisher\":{\"@id\":\"https:\/\/www.casper.com.tr\/excaliburclan\/#organization\"},\"potentialAction\":[{\"@type\":\"SearchAction\",\"target\":{\"@type\":\"EntryPoint\",\"urlTemplate\":\"https:\/\/www.casper.com.tr\/excaliburclan\/?s={search_term_string}\"},\"query-input\":{\"@type\":\"PropertyValueSpecification\",\"valueRequired\":true,\"valueName\":\"search_term_string\"}}],\"inLanguage\":\"tr\"},{\"@type\":\"Organization\",\"@id\":\"https:\/\/www.casper.com.tr\/excaliburclan\/#organization\",\"name\":\"Casper | Excalibur\",\"url\":\"https:\/\/www.casper.com.tr\/excaliburclan\/\",\"logo\":{\"@type\":\"ImageObject\",\"inLanguage\":\"tr\",\"@id\":\"https:\/\/www.casper.com.tr\/excaliburclan\/#\/schema\/logo\/image\/\",\"url\":\"https:\/\/www.casper.com.tr\/excaliburclan\/wp-content\/uploads\/2021\/01\/EXCALIBURCLAN_RGB_FINAL-04.png\",\"contentUrl\":\"https:\/\/www.casper.com.tr\/excaliburclan\/wp-content\/uploads\/2021\/01\/EXCALIBURCLAN_RGB_FINAL-04.png\",\"width\":1080,\"height\":493,\"caption\":\"Casper | Excalibur\"},\"image\":{\"@id\":\"https:\/\/www.casper.com.tr\/excaliburclan\/#\/schema\/logo\/image\/\"},\"sameAs\":[\"https:\/\/www.facebook.com\/ExcaliburCasper\",\"https:\/\/x.com\/excaliburclann\",\"https:\/\/www.instagram.com\/excalibur.casper\/\",\"https:\/\/www.youtube.com\/channel\/UCI534K9J8gwZZsTC7FoYBQQ\",\"https:\/\/www.twitch.tv\/excaliburclann\"]}]}<\/script>\n<!-- \/ Yoast SEO plugin. -->","yoast_head_json":{"title":"Pubg Arena - Casper Excaliburclan","description":"Casper Excaliburclan - \u201cCasper sponsorlu\u011funda d\u00fczenlenen Excalibur Pubg Arena (Steam Squad) Turnuvas\u0131na haz\u0131r m\u0131s\u0131n\u0131z?\u201d","robots":{"index":"index","follow":"follow","max-snippet":"max-snippet:-1","max-image-preview":"max-image-preview:large","max-video-preview":"max-video-preview:-1"},"canonical":"https:\/\/www.casper.com.tr\/excaliburclan\/pubg-arena\/","og_locale":"tr_TR","og_type":"article","og_title":"Pubg Arena - Casper Excaliburclan","og_description":"Casper Excaliburclan - \u201cCasper sponsorlu\u011funda d\u00fczenlenen Excalibur Pubg Arena (Steam Squad) Turnuvas\u0131na haz\u0131r m\u0131s\u0131n\u0131z?\u201d","og_url":"https:\/\/www.casper.com.tr\/excaliburclan\/pubg-arena\/","og_site_name":"Casper Excaliburclan","article_publisher":"https:\/\/www.facebook.com\/ExcaliburCasper","article_modified_time":"2024-08-13T13:09:46+00:00","twitter_card":"summary_large_image","twitter_site":"@excaliburclann","twitter_misc":{"Tahmini okuma s\u00fcresi":"1 dakika"},"schema":{"@context":"https:\/\/schema.org","@graph":[{"@type":"WebPage","@id":"https:\/\/www.casper.com.tr\/excaliburclan\/pubg-arena\/","url":"https:\/\/www.casper.com.tr\/excaliburclan\/pubg-arena\/","name":"Pubg Arena - Casper Excaliburclan","isPartOf":{"@id":"https:\/\/www.casper.com.tr\/excaliburclan\/#website"},"datePublished":"2021-04-12T17:32:46+00:00","dateModified":"2024-08-13T13:09:46+00:00","description":"Casper Excaliburclan - \u201cCasper sponsorlu\u011funda d\u00fczenlenen Excalibur Pubg Arena (Steam Squad) Turnuvas\u0131na haz\u0131r m\u0131s\u0131n\u0131z?\u201d","breadcrumb":{"@id":"https:\/\/www.casper.com.tr\/excaliburclan\/pubg-arena\/#breadcrumb"},"inLanguage":"tr","potentialAction":[{"@type":"ReadAction","target":["https:\/\/www.casper.com.tr\/excaliburclan\/pubg-arena\/"]}]},{"@type":"BreadcrumbList","@id":"https:\/\/www.casper.com.tr\/excaliburclan\/pubg-arena\/#breadcrumb","itemListElement":[{"@type":"ListItem","position":1,"name":"Anasayfa","item":"https:\/\/www.casper.com.tr\/excaliburclan\/"},{"@type":"ListItem","position":2,"name":"Pubg Arena"}]},{"@type":"WebSite","@id":"https:\/\/www.casper.com.tr\/excaliburclan\/#website","url":"https:\/\/www.casper.com.tr\/excaliburclan\/","name":"Casper Excaliburclan","description":"Casper","publisher":{"@id":"https:\/\/www.casper.com.tr\/excaliburclan\/#organization"},"potentialAction":[{"@type":"SearchAction","target":{"@type":"EntryPoint","urlTemplate":"https:\/\/www.casper.com.tr\/excaliburclan\/?s={search_term_string}"},"query-input":{"@type":"PropertyValueSpecification","valueRequired":true,"valueName":"search_term_string"}}],"inLanguage":"tr"},{"@type":"Organization","@id":"https:\/\/www.casper.com.tr\/excaliburclan\/#organization","name":"Casper | Excalibur","url":"https:\/\/www.casper.com.tr\/excaliburclan\/","logo":{"@type":"ImageObject","inLanguage":"tr","@id":"https:\/\/www.casper.com.tr\/excaliburclan\/#\/schema\/logo\/image\/","url":"https:\/\/www.casper.com.tr\/excaliburclan\/wp-content\/uploads\/2021\/01\/EXCALIBURCLAN_RGB_FINAL-04.png","contentUrl":"https:\/\/www.casper.com.tr\/excaliburclan\/wp-content\/uploads\/2021\/01\/EXCALIBURCLAN_RGB_FINAL-04.png","width":1080,"height":493,"caption":"Casper | Excalibur"},"image":{"@id":"https:\/\/www.casper.com.tr\/excaliburclan\/#\/schema\/logo\/image\/"},"sameAs":["https:\/\/www.facebook.com\/ExcaliburCasper","https:\/\/x.com\/excaliburclann","https:\/\/www.instagram.com\/excalibur.casper\/","https:\/\/www.youtube.com\/channel\/UCI534K9J8gwZZsTC7FoYBQQ","https:\/\/www.twitch.tv\/excaliburclann"]}]}},"_links":{"self":[{"href":"https:\/\/www.casper.com.tr\/excaliburclan\/wp-json\/wp\/v2\/pages\/5101","targetHints":{"allow":["GET"]}}],"collection":[{"href":"https:\/\/www.casper.com.tr\/excaliburclan\/wp-json\/wp\/v2\/pages"}],"about":[{"href":"https:\/\/www.casper.com.tr\/excaliburclan\/wp-json\/wp\/v2\/types\/page"}],"author":[{"embeddable":true,"href":"https:\/\/www.casper.com.tr\/excaliburclan\/wp-json\/wp\/v2\/users\/1"}],"replies":[{"embeddable":true,"href":"https:\/\/www.casper.com.tr\/excaliburclan\/wp-json\/wp\/v2\/comments?post=5101"}],"version-history":[{"count":11,"href":"https:\/\/www.casper.com.tr\/excaliburclan\/wp-json\/wp\/v2\/pages\/5101\/revisions"}],"predecessor-version":[{"id":12315,"href":"https:\/\/www.casper.com.tr\/excaliburclan\/wp-json\/wp\/v2\/pages\/5101\/revisions\/12315"}],"wp:attachment":[{"href":"https:\/\/www.casper.com.tr\/excaliburclan\/wp-json\/wp\/v2\/media?parent=5101"}],"curies":[{"name":"wp","href":"https:\/\/api.w.org\/{rel}","templated":true}]}}